{"id":291,"date":"2021-09-21T03:37:44","date_gmt":"2021-09-21T03:37:44","guid":{"rendered":"https:\/\/sandovalasociados.com\/sitio\/?page_id=291"},"modified":"2021-09-21T05:53:38","modified_gmt":"2021-09-21T05:53:38","slug":"asesoria-financiera-2","status":"publish","type":"page","link":"https:\/\/sandovalasociados.com\/sitio\/index.php\/servicios\/asesoria-financiera-2\/","title":{"rendered":"Asesor\u00eda Financiera"},"content":{"rendered":"\t\t<div data-elementor-type=\"wp-page\" data-elementor-id=\"291\" class=\"elementor elementor-291\" data-elementor-settings=\"[]\">\n\t\t\t\t\t\t\t<div class=\"elementor-section-wrap\">\n\t\t\t\t\t\t\t<section class=\"elementor-section elementor-top-section elementor-element elementor-element-640eaadf elementor-section-boxed elementor-section-height-default elementor-section-height-default\" data-id=\"640eaadf\" data-element_type=\"section\" data-settings=\"{&quot;background_background&quot;:&quot;classic&quot;}\">\n\t\t\t\t\t\t\t<div class=\"elementor-background-overlay\"><\/div>\n\t\t\t\t\t\t\t<div class=\"elementor-container elementor-column-gap-default\">\n\t\t\t\t\t<div class=\"elementor-column elementor-col-100 elementor-top-column elementor-element elementor-element-55ef6e5e\" data-id=\"55ef6e5e\" data-element_type=\"column\">\n\t\t\t<div class=\"elementor-widget-wrap elementor-element-populated\">\n\t\t\t\t\t\t\t\t<div class=\"elementor-element elementor-element-30edbde elementor-headline--style-rotate elementor-widget elementor-widget-animated-headline\" data-id=\"30edbde\" data-element_type=\"widget\" data-settings=\"{&quot;headline_style&quot;:&quot;rotate&quot;,&quot;rotating_text&quot;:&quot;Financiera&quot;,&quot;animation_type&quot;:&quot;typing&quot;,&quot;loop&quot;:&quot;yes&quot;,&quot;rotate_iteration_delay&quot;:2500}\" data-widget_type=\"animated-headline.default\">\n\t\t\t\t<div class=\"elementor-widget-container\">\n\t\t\t\t\t<h3 class=\"elementor-headline elementor-headline-animation-type-typing elementor-headline-letters\">\n\t\t\t\t\t<span class=\"elementor-headline-plain-text elementor-headline-text-wrapper\">Asesor\u00eda<\/span>\n\t\t\t\t<span class=\"elementor-headline-dynamic-wrapper elementor-headline-text-wrapper\">\n\t\t\t\t\t<span class=\"elementor-headline-dynamic-text elementor-headline-text-active\">\n\t\t\t\tFinanciera\t\t\t<\/span>\n\t\t\t\t\t\t<\/span>\n\t\t\t\t<\/h3>\n\t\t\t\t<\/div>\n\t\t\t\t<\/div>\n\t\t\t\t<div class=\"elementor-element elementor-element-74d420ae elementor-widget-divider--view-line elementor-widget elementor-widget-divider\" data-id=\"74d420ae\" data-element_type=\"widget\" data-widget_type=\"divider.default\">\n\t\t\t\t<div class=\"elementor-widget-container\">\n\t\t\t\t\t<div class=\"elementor-divider\">\n\t\t\t<span class=\"elementor-divider-separator\">\n\t\t\t\t\t\t<\/span>\n\t\t<\/div>\n\t\t\t\t<\/div>\n\t\t\t\t<\/div>\n\t\t\t\t\t<\/div>\n\t\t<\/div>\n\t\t\t\t\t\t\t<\/div>\n\t\t<\/section>\n\t\t\t\t<section class=\"elementor-section elementor-top-section elementor-element elementor-element-75b7365c elementor-section-boxed elementor-section-height-default elementor-section-height-default\" data-id=\"75b7365c\" data-element_type=\"section\" data-settings=\"{&quot;background_background&quot;:&quot;classic&quot;}\">\n\t\t\t\t\t\t\t<div class=\"elementor-background-overlay\"><\/div>\n\t\t\t\t\t\t\t<div class=\"elementor-container elementor-column-gap-default\">\n\t\t\t\t\t<div class=\"elementor-column elementor-col-100 elementor-top-column elementor-element elementor-element-76977eb9\" data-id=\"76977eb9\" data-element_type=\"column\">\n\t\t\t<div class=\"elementor-widget-wrap elementor-element-populated\">\n\t\t\t\t\t\t\t\t<section class=\"elementor-section elementor-inner-section elementor-element elementor-element-7eaa2a28 elementor-section-boxed elementor-section-height-default elementor-section-height-default\" data-id=\"7eaa2a28\" data-element_type=\"section\">\n\t\t\t\t\t\t<div class=\"elementor-container elementor-column-gap-default\">\n\t\t\t\t\t<div class=\"elementor-column elementor-col-50 elementor-inner-column elementor-element elementor-element-36b706bc\" data-id=\"36b706bc\" data-element_type=\"column\">\n\t\t\t<div class=\"elementor-widget-wrap elementor-element-populated\">\n\t\t\t\t\t\t\t\t<div class=\"elementor-element elementor-element-5fa86b17 elementor-widget elementor-widget-text-editor\" data-id=\"5fa86b17\" data-element_type=\"widget\" data-widget_type=\"text-editor.default\">\n\t\t\t\t<div class=\"elementor-widget-container\">\n\t\t\t\t\t\t\t\t<p>Brindamos la orientaci\u00f3n necesaria para maximizar sus recursos financieros y la implementaci\u00f3n de las estrat\u00e9gias tanto t\u00e9cnicas como legales para alcanzar el m\u00e1ximo rendimiento en sus inversiones.<\/p>\t\t\t\t\t\t<\/div>\n\t\t\t\t<\/div>\n\t\t\t\t\t<\/div>\n\t\t<\/div>\n\t\t\t\t<div class=\"elementor-column elementor-col-50 elementor-inner-column elementor-element elementor-element-78b5ca16\" data-id=\"78b5ca16\" data-element_type=\"column\">\n\t\t\t<div class=\"elementor-widget-wrap elementor-element-populated\">\n\t\t\t\t\t\t\t\t<div class=\"elementor-element elementor-element-6d9885e6 elementor-widget elementor-widget-image\" data-id=\"6d9885e6\" data-element_type=\"widget\" data-widget_type=\"image.default\">\n\t\t\t\t<div class=\"elementor-widget-container\">\n\t\t\t\t\t\t\t\t\t\t\t\t\t\t\t<img loading=\"lazy\" decoding=\"async\" width=\"500\" height=\"334\" src=\"https:\/\/sandovalasociados.com\/sitio\/wp-content\/uploads\/2021\/08\/Asesoria-Financiera.jpg\" class=\"attachment-large size-large\" alt=\"\" srcset=\"https:\/\/sandovalasociados.com\/sitio\/wp-content\/uploads\/2021\/08\/Asesoria-Financiera.jpg 500w, https:\/\/sandovalasociados.com\/sitio\/wp-content\/uploads\/2021\/08\/Asesoria-Financiera-300x200.jpg 300w\" sizes=\"auto, (max-width: 34.9rem) calc(100vw - 2rem), (max-width: 53rem) calc(8 * (100vw \/ 12)), (min-width: 53rem) calc(6 * (100vw \/ 12)), 100vw\" \/>\t\t\t\t\t\t\t\t\t\t\t\t\t\t\t<\/div>\n\t\t\t\t<\/div>\n\t\t\t\t\t<\/div>\n\t\t<\/div>\n\t\t\t\t\t\t\t<\/div>\n\t\t<\/section>\n\t\t\t\t\t<\/div>\n\t\t<\/div>\n\t\t\t\t\t\t\t<\/div>\n\t\t<\/section>\n\t\t\t\t<section class=\"elementor-section elementor-top-section elementor-element elementor-element-4b24a693 elementor-section-boxed elementor-section-height-default elementor-section-height-default\" data-id=\"4b24a693\" data-element_type=\"section\">\n\t\t\t\t\t\t\t<div class=\"elementor-background-overlay\"><\/div>\n\t\t\t\t\t\t\t<div class=\"elementor-container elementor-column-gap-default\">\n\t\t\t\t\t<div class=\"elementor-column elementor-col-66 elementor-top-column elementor-element elementor-element-784555fd\" data-id=\"784555fd\" data-element_type=\"column\">\n\t\t\t<div class=\"elementor-widget-wrap elementor-element-populated\">\n\t\t\t\t\t\t\t\t<div class=\"elementor-element elementor-element-abd80f8 elementor-widget elementor-widget-text-editor\" data-id=\"abd80f8\" data-element_type=\"widget\" data-widget_type=\"text-editor.default\">\n\t\t\t\t<div class=\"elementor-widget-container\">\n\t\t\t\t\t\t\t\t<p>\u00a9 Copyright 2021 Sandoval y Asociados<\/p>\t\t\t\t\t\t<\/div>\n\t\t\t\t<\/div>\n\t\t\t\t\t<\/div>\n\t\t<\/div>\n\t\t\t\t<div class=\"elementor-column elementor-col-33 elementor-top-column elementor-element elementor-element-2479a12c\" data-id=\"2479a12c\" data-element_type=\"column\">\n\t\t\t<div class=\"elementor-widget-wrap elementor-element-populated\">\n\t\t\t\t\t\t\t\t<div class=\"elementor-element elementor-element-3164fb69 elementor-widget elementor-widget-text-editor\" data-id=\"3164fb69\" data-element_type=\"widget\" data-widget_type=\"text-editor.default\">\n\t\t\t\t<div class=\"elementor-widget-container\">\n\t\t\t\t\t\t\t\t<p>7\u00aa. Calle 8-26 Zona 2 Guatemala, Guatemala<br><b>Tel\u00e9fono:<\/b>&nbsp;2288-3144 \/&nbsp;2270-3338<\/p>\t\t\t\t\t\t<\/div>\n\t\t\t\t<\/div>\n\t\t\t\t\t<\/div>\n\t\t<\/div>\n\t\t\t\t\t\t\t<\/div>\n\t\t<\/section>\n\t\t\t\t\t\t<\/div>\n\t\t\t\t\t<\/div>\n\t\t","protected":false},"excerpt":{"rendered":"<p>Asesor\u00eda Financiera Brindamos la orientaci\u00f3n necesaria para maximizar sus recursos financieros y la implementaci\u00f3n de las estrat\u00e9gias tanto t\u00e9cnicas como legales para alcanzar el m\u00e1ximo rendimiento en sus inversiones. \u00a9 Copyright 2021 Sandoval y Asociados 7\u00aa. Calle 8-26 Zona 2 Guatemala, GuatemalaTel\u00e9fono:&nbsp;2288-3144 \/&nbsp;2270-3338<\/p>\n","protected":false},"author":1,"featured_media":0,"parent":174,"menu_order":0,"comment_status":"closed","ping_status":"closed","template":"elementor_header_footer","meta":{"footnotes":""},"class_list":["post-291","page","type-page","status-publish","hentry","entry"],"_links":{"self":[{"href":"https:\/\/sandovalasociados.com\/sitio\/index.php\/wp-json\/wp\/v2\/pages\/291","targetHints":{"allow":["GET"]}}],"collection":[{"href":"https:\/\/sandovalasociados.com\/sitio\/index.php\/wp-json\/wp\/v2\/pages"}],"about":[{"href":"https:\/\/sandovalasociados.com\/sitio\/index.php\/wp-json\/wp\/v2\/types\/page"}],"author":[{"embeddable":true,"href":"https:\/\/sandovalasociados.com\/sitio\/index.php\/wp-json\/wp\/v2\/users\/1"}],"replies":[{"embeddable":true,"href":"https:\/\/sandovalasociados.com\/sitio\/index.php\/wp-json\/wp\/v2\/comments?post=291"}],"version-history":[{"count":19,"href":"https:\/\/sandovalasociados.com\/sitio\/index.php\/wp-json\/wp\/v2\/pages\/291\/revisions"}],"predecessor-version":[{"id":473,"href":"https:\/\/sandovalasociados.com\/sitio\/index.php\/wp-json\/wp\/v2\/pages\/291\/revisions\/473"}],"up":[{"embeddable":true,"href":"https:\/\/sandovalasociados.com\/sitio\/index.php\/wp-json\/wp\/v2\/pages\/174"}],"wp:attachment":[{"href":"https:\/\/sandovalasociados.com\/sitio\/index.php\/wp-json\/wp\/v2\/media?parent=291"}],"curies":[{"name":"wp","href":"https:\/\/api.w.org\/{rel}","templated":true}]}}