{"id":279,"date":"2021-09-21T03:33:55","date_gmt":"2021-09-21T03:33:55","guid":{"rendered":"https:\/\/sandovalasociados.com\/sitio\/?page_id=279"},"modified":"2021-09-21T05:54:00","modified_gmt":"2021-09-21T05:54:00","slug":"asesoria-y-planeacion-fiscal-2","status":"publish","type":"page","link":"https:\/\/sandovalasociados.com\/sitio\/index.php\/servicios\/asesoria-y-planeacion-fiscal-2\/","title":{"rendered":"Asesor\u00eda y Planeaci\u00f3n Fiscal"},"content":{"rendered":"\t\t<div data-elementor-type=\"wp-page\" data-elementor-id=\"279\" class=\"elementor elementor-279\" data-elementor-settings=\"[]\">\n\t\t\t\t\t\t\t<div class=\"elementor-section-wrap\">\n\t\t\t\t\t\t\t<section class=\"elementor-section elementor-top-section elementor-element elementor-element-8aa9792 elementor-section-boxed elementor-section-height-default elementor-section-height-default\" data-id=\"8aa9792\" data-element_type=\"section\" data-settings=\"{&quot;background_background&quot;:&quot;classic&quot;}\">\n\t\t\t\t\t\t\t<div class=\"elementor-background-overlay\"><\/div>\n\t\t\t\t\t\t\t<div class=\"elementor-container elementor-column-gap-default\">\n\t\t\t\t\t<div class=\"elementor-column elementor-col-100 elementor-top-column elementor-element elementor-element-192b0e03\" data-id=\"192b0e03\" data-element_type=\"column\">\n\t\t\t<div class=\"elementor-widget-wrap elementor-element-populated\">\n\t\t\t\t\t\t\t\t<div class=\"elementor-element elementor-element-78ae53b0 elementor-headline--style-rotate elementor-widget elementor-widget-animated-headline\" data-id=\"78ae53b0\" data-element_type=\"widget\" data-settings=\"{&quot;headline_style&quot;:&quot;rotate&quot;,&quot;rotating_text&quot;:&quot;Planeaci\\u00f3n Fiscal&quot;,&quot;animation_type&quot;:&quot;typing&quot;,&quot;loop&quot;:&quot;yes&quot;,&quot;rotate_iteration_delay&quot;:2500}\" data-widget_type=\"animated-headline.default\">\n\t\t\t\t<div class=\"elementor-widget-container\">\n\t\t\t\t\t<h3 class=\"elementor-headline elementor-headline-animation-type-typing elementor-headline-letters\">\n\t\t\t\t\t<span class=\"elementor-headline-plain-text elementor-headline-text-wrapper\">Asesor\u00eda y<\/span>\n\t\t\t\t<span class=\"elementor-headline-dynamic-wrapper elementor-headline-text-wrapper\">\n\t\t\t\t\t<span class=\"elementor-headline-dynamic-text elementor-headline-text-active\">\n\t\t\t\tPlaneaci\u00f3n&nbsp;Fiscal\t\t\t<\/span>\n\t\t\t\t\t\t<\/span>\n\t\t\t\t<\/h3>\n\t\t\t\t<\/div>\n\t\t\t\t<\/div>\n\t\t\t\t<div class=\"elementor-element elementor-element-3dd1e115 elementor-widget-divider--view-line elementor-widget elementor-widget-divider\" data-id=\"3dd1e115\" data-element_type=\"widget\" data-widget_type=\"divider.default\">\n\t\t\t\t<div class=\"elementor-widget-container\">\n\t\t\t\t\t<div class=\"elementor-divider\">\n\t\t\t<span class=\"elementor-divider-separator\">\n\t\t\t\t\t\t<\/span>\n\t\t<\/div>\n\t\t\t\t<\/div>\n\t\t\t\t<\/div>\n\t\t\t\t\t<\/div>\n\t\t<\/div>\n\t\t\t\t\t\t\t<\/div>\n\t\t<\/section>\n\t\t\t\t<section class=\"elementor-section elementor-top-section elementor-element elementor-element-750a8ccc elementor-section-boxed elementor-section-height-default elementor-section-height-default\" data-id=\"750a8ccc\" data-element_type=\"section\" data-settings=\"{&quot;background_background&quot;:&quot;classic&quot;}\">\n\t\t\t\t\t\t\t<div class=\"elementor-background-overlay\"><\/div>\n\t\t\t\t\t\t\t<div class=\"elementor-container elementor-column-gap-default\">\n\t\t\t\t\t<div class=\"elementor-column elementor-col-100 elementor-top-column elementor-element elementor-element-5b6a1c36\" data-id=\"5b6a1c36\" data-element_type=\"column\">\n\t\t\t<div class=\"elementor-widget-wrap elementor-element-populated\">\n\t\t\t\t\t\t\t\t<section class=\"elementor-section elementor-inner-section elementor-element elementor-element-2d83285b elementor-section-boxed elementor-section-height-default elementor-section-height-default\" data-id=\"2d83285b\" data-element_type=\"section\">\n\t\t\t\t\t\t<div class=\"elementor-container elementor-column-gap-default\">\n\t\t\t\t\t<div class=\"elementor-column elementor-col-50 elementor-inner-column elementor-element elementor-element-71f991eb\" data-id=\"71f991eb\" data-element_type=\"column\">\n\t\t\t<div class=\"elementor-widget-wrap elementor-element-populated\">\n\t\t\t\t\t\t\t\t<div class=\"elementor-element elementor-element-1e5c827a elementor-widget elementor-widget-text-editor\" data-id=\"1e5c827a\" data-element_type=\"widget\" data-widget_type=\"text-editor.default\">\n\t\t\t\t<div class=\"elementor-widget-container\">\n\t\t\t\t\t\t\t\t<p>Analizamos su situaci\u00f3n fiscal y dise\u00f1amos una estrategia que sea la m\u00e1s conveniente en virtud de colocarle en el r\u00e9gimen impositivo a su conveniencia y que a su vez se equipare con el adecuado cumplimiento de las obligaciones fiscales.<\/p>\t\t\t\t\t\t<\/div>\n\t\t\t\t<\/div>\n\t\t\t\t\t<\/div>\n\t\t<\/div>\n\t\t\t\t<div class=\"elementor-column elementor-col-50 elementor-inner-column elementor-element elementor-element-271c773d\" data-id=\"271c773d\" data-element_type=\"column\">\n\t\t\t<div class=\"elementor-widget-wrap elementor-element-populated\">\n\t\t\t\t\t\t\t\t<div class=\"elementor-element elementor-element-5f8cc33c elementor-widget elementor-widget-image\" data-id=\"5f8cc33c\" data-element_type=\"widget\" data-widget_type=\"image.default\">\n\t\t\t\t<div class=\"elementor-widget-container\">\n\t\t\t\t\t\t\t\t\t\t\t\t\t\t\t<img loading=\"lazy\" decoding=\"async\" width=\"500\" height=\"334\" src=\"https:\/\/sandovalasociados.com\/sitio\/wp-content\/uploads\/2021\/08\/asesoria-y-planeacion-fiscal.jpg\" class=\"attachment-large size-large\" alt=\"\" srcset=\"https:\/\/sandovalasociados.com\/sitio\/wp-content\/uploads\/2021\/08\/asesoria-y-planeacion-fiscal.jpg 500w, https:\/\/sandovalasociados.com\/sitio\/wp-content\/uploads\/2021\/08\/asesoria-y-planeacion-fiscal-300x200.jpg 300w\" sizes=\"auto, (max-width: 34.9rem) calc(100vw - 2rem), (max-width: 53rem) calc(8 * (100vw \/ 12)), (min-width: 53rem) calc(6 * (100vw \/ 12)), 100vw\" \/>\t\t\t\t\t\t\t\t\t\t\t\t\t\t\t<\/div>\n\t\t\t\t<\/div>\n\t\t\t\t\t<\/div>\n\t\t<\/div>\n\t\t\t\t\t\t\t<\/div>\n\t\t<\/section>\n\t\t\t\t\t<\/div>\n\t\t<\/div>\n\t\t\t\t\t\t\t<\/div>\n\t\t<\/section>\n\t\t\t\t<section class=\"elementor-section elementor-top-section elementor-element elementor-element-22541d10 elementor-section-boxed elementor-section-height-default elementor-section-height-default\" data-id=\"22541d10\" data-element_type=\"section\">\n\t\t\t\t\t\t\t<div class=\"elementor-background-overlay\"><\/div>\n\t\t\t\t\t\t\t<div class=\"elementor-container elementor-column-gap-default\">\n\t\t\t\t\t<div class=\"elementor-column elementor-col-66 elementor-top-column elementor-element elementor-element-47cb456d\" data-id=\"47cb456d\" data-element_type=\"column\">\n\t\t\t<div class=\"elementor-widget-wrap elementor-element-populated\">\n\t\t\t\t\t\t\t\t<div class=\"elementor-element elementor-element-54a36a15 elementor-widget elementor-widget-text-editor\" data-id=\"54a36a15\" data-element_type=\"widget\" data-widget_type=\"text-editor.default\">\n\t\t\t\t<div class=\"elementor-widget-container\">\n\t\t\t\t\t\t\t\t<p>\u00a9 Copyright 2021 Sandoval y Asociados<\/p>\t\t\t\t\t\t<\/div>\n\t\t\t\t<\/div>\n\t\t\t\t\t<\/div>\n\t\t<\/div>\n\t\t\t\t<div class=\"elementor-column elementor-col-33 elementor-top-column elementor-element elementor-element-139a33d8\" data-id=\"139a33d8\" data-element_type=\"column\">\n\t\t\t<div class=\"elementor-widget-wrap elementor-element-populated\">\n\t\t\t\t\t\t\t\t<div class=\"elementor-element elementor-element-4167e9e0 elementor-widget elementor-widget-text-editor\" data-id=\"4167e9e0\" data-element_type=\"widget\" data-widget_type=\"text-editor.default\">\n\t\t\t\t<div class=\"elementor-widget-container\">\n\t\t\t\t\t\t\t\t<p>7\u00aa. Calle 8-26 Zona 2 Guatemala, Guatemala<br><b>Tel\u00e9fono:<\/b>&nbsp;2288-3144 \/&nbsp;2270-3338<\/p>\t\t\t\t\t\t<\/div>\n\t\t\t\t<\/div>\n\t\t\t\t\t<\/div>\n\t\t<\/div>\n\t\t\t\t\t\t\t<\/div>\n\t\t<\/section>\n\t\t\t\t\t\t<\/div>\n\t\t\t\t\t<\/div>\n\t\t","protected":false},"excerpt":{"rendered":"<p>Asesor\u00eda y Planeaci\u00f3n&nbsp;Fiscal Analizamos su situaci\u00f3n fiscal y dise\u00f1amos una estrategia que sea la m\u00e1s conveniente en virtud de colocarle en el r\u00e9gimen impositivo a su conveniencia y que a su vez se equipare con el adecuado cumplimiento de las obligaciones fiscales. \u00a9 Copyright 2021 Sandoval y Asociados 7\u00aa. Calle 8-26 Zona 2 Guatemala, GuatemalaTel\u00e9fono:&nbsp;2288-3144 &hellip; <\/p>\n<p class=\"link-more\"><a href=\"https:\/\/sandovalasociados.com\/sitio\/index.php\/servicios\/asesoria-y-planeacion-fiscal-2\/\" class=\"more-link\">Seguir leyendo<span class=\"screen-reader-text\"> \u00abAsesor\u00eda y Planeaci\u00f3n Fiscal\u00bb<\/span><\/a><\/p>\n","protected":false},"author":1,"featured_media":0,"parent":174,"menu_order":0,"comment_status":"closed","ping_status":"closed","template":"elementor_header_footer","meta":{"footnotes":""},"class_list":["post-279","page","type-page","status-publish","hentry","entry"],"_links":{"self":[{"href":"https:\/\/sandovalasociados.com\/sitio\/index.php\/wp-json\/wp\/v2\/pages\/279","targetHints":{"allow":["GET"]}}],"collection":[{"href":"https:\/\/sandovalasociados.com\/sitio\/index.php\/wp-json\/wp\/v2\/pages"}],"about":[{"href":"https:\/\/sandovalasociados.com\/sitio\/index.php\/wp-json\/wp\/v2\/types\/page"}],"author":[{"embeddable":true,"href":"https:\/\/sandovalasociados.com\/sitio\/index.php\/wp-json\/wp\/v2\/users\/1"}],"replies":[{"embeddable":true,"href":"https:\/\/sandovalasociados.com\/sitio\/index.php\/wp-json\/wp\/v2\/comments?post=279"}],"version-history":[{"count":19,"href":"https:\/\/sandovalasociados.com\/sitio\/index.php\/wp-json\/wp\/v2\/pages\/279\/revisions"}],"predecessor-version":[{"id":476,"href":"https:\/\/sandovalasociados.com\/sitio\/index.php\/wp-json\/wp\/v2\/pages\/279\/revisions\/476"}],"up":[{"embeddable":true,"href":"https:\/\/sandovalasociados.com\/sitio\/index.php\/wp-json\/wp\/v2\/pages\/174"}],"wp:attachment":[{"href":"https:\/\/sandovalasociados.com\/sitio\/index.php\/wp-json\/wp\/v2\/media?parent=279"}],"curies":[{"name":"wp","href":"https:\/\/api.w.org\/{rel}","templated":true}]}}